{"id":782,"date":"2020-06-02T19:17:43","date_gmt":"2020-06-02T22:17:43","guid":{"rendered":"https:\/\/abes.org.br\/?page_id=782"},"modified":"2023-09-13T08:55:09","modified_gmt":"2023-09-13T11:55:09","slug":"denuncie-pirataria","status":"publish","type":"page","link":"https:\/\/abes.org.br\/en\/abes\/etica-e-integridade\/denuncie-pirataria\/","title":{"rendered":"Report Piracy"},"content":{"rendered":"<p>[et_pb_section fb_built=&#8221;1&#8243; specialty=&#8221;on&#8221; _builder_version=&#8221;4.4.8&#8243; custom_margin=&#8221;40px||||false|false&#8221; custom_margin_tablet=&#8221;&#8221; custom_margin_phone=&#8221;0px||||false|false&#8221; custom_margin_last_edited=&#8221;on|phone&#8221;][et_pb_column type=&#8221;3_4&#8243; specialty_columns=&#8221;3&#8243; _builder_version=&#8221;3.25&#8243; custom_padding=&#8221;|||&#8221; custom_padding__hover=&#8221;|||&#8221;][et_pb_row_inner use_custom_gutter=&#8221;on&#8221; make_equal=&#8221;on&#8221; _builder_version=&#8221;4.4.7&#8243; custom_margin=&#8221;||||false|false&#8221; custom_padding=&#8221;||||false|false&#8221; custom_width_px__hover=&#8221;1080px&#8221; custom_width_px__hover_enabled=&#8221;1080px&#8221; custom_width_percent__hover=&#8221;80%&#8221; custom_width_percent__hover_enabled=&#8221;80%&#8221; parallax_1__hover=&#8221;off&#8221; parallax_1__hover_enabled=&#8221;off&#8221; parallax_2__hover=&#8221;off&#8221; parallax_2__hover_enabled=&#8221;off&#8221; parallax_3__hover=&#8221;off&#8221; parallax_3__hover_enabled=&#8221;off&#8221; parallax_4__hover=&#8221;off&#8221; parallax_4__hover_enabled=&#8221;off&#8221; parallax_5__hover=&#8221;off&#8221; parallax_5__hover_enabled=&#8221;off&#8221; parallax_6__hover=&#8221;off&#8221; parallax_6__hover_enabled=&#8221;off&#8221; parallax_method_1__hover=&#8221;on&#8221; parallax_method_1__hover_enabled=&#8221;on&#8221; parallax_method_2__hover=&#8221;on&#8221; parallax_method_2__hover_enabled=&#8221;on&#8221; parallax_method_3__hover=&#8221;on&#8221; parallax_method_3__hover_enabled=&#8221;on&#8221; parallax_method_4__hover=&#8221;on&#8221; parallax_method_4__hover_enabled=&#8221;on&#8221; parallax_method_5__hover=&#8221;on&#8221; parallax_method_5__hover_enabled=&#8221;on&#8221; parallax_method_6__hover=&#8221;on&#8221; parallax_method_6__hover_enabled=&#8221;on&#8221; use_background_color_gradient__hover=&#8221;off&#8221; use_background_color_gradient__hover_enabled=&#8221;off&#8221; background_color_gradient_start__hover=&#8221;#2b87da&#8221; background_color_gradient_start__hover_enabled=&#8221;#2b87da&#8221; background_color_gradient_end__hover=&#8221;#29c4a9&#8243; background_color_gradient_end__hover_enabled=&#8221;#29c4a9&#8243; background_color_gradient_type__hover=&#8221;linear&#8221; background_color_gradient_type__hover_enabled=&#8221;linear&#8221; background_color_gradient_direction__hover=&#8221;180deg&#8221; background_color_gradient_direction__hover_enabled=&#8221;180deg&#8221; background_color_gradient_direction_radial__hover=&#8221;center&#8221; background_color_gradient_direction_radial__hover_enabled=&#8221;center&#8221; background_color_gradient_start_position__hover=&#8221;0%&#8221; background_color_gradient_start_position__hover_enabled=&#8221;0%&#8221; background_color_gradient_end_position__hover=&#8221;100%&#8221; background_color_gradient_end_position__hover_enabled=&#8221;100%&#8221; background_color_gradient_overlays_image__hover=&#8221;off&#8221; background_color_gradient_overlays_image__hover_enabled=&#8221;off&#8221; parallax__hover=&#8221;off&#8221; parallax__hover_enabled=&#8221;off&#8221; parallax_method__hover=&#8221;on&#8221; parallax_method__hover_enabled=&#8221;on&#8221; background_size__hover=&#8221;cover&#8221; background_size__hover_enabled=&#8221;cover&#8221; background_position__hover=&#8221;center&#8221; background_position__hover_enabled=&#8221;center&#8221; background_repeat__hover=&#8221;no-repeat&#8221; background_repeat__hover_enabled=&#8221;no-repeat&#8221; background_blend__hover=&#8221;normal&#8221; background_blend__hover_enabled=&#8221;normal&#8221; allow_player_pause__hover=&#8221;off&#8221; allow_player_pause__hover_enabled=&#8221;off&#8221; background_video_pause_outside_viewport__hover=&#8221;on&#8221; background_video_pause_outside_viewport__hover_enabled=&#8221;on&#8221; make_fullwidth__hover=&#8221;off&#8221; make_fullwidth__hover_enabled=&#8221;off&#8221; use_custom_width__hover=&#8221;off&#8221; use_custom_width__hover_enabled=&#8221;off&#8221; width_unit__hover=&#8221;on&#8221; width_unit__hover_enabled=&#8221;on&#8221; use_custom_gutter__hover=&#8221;off&#8221; use_custom_gutter__hover_enabled=&#8221;off&#8221; gutter_width__hover=&#8221;3&#8243; gutter_width__hover_enabled=&#8221;3&#8243; make_equal__hover=&#8221;off&#8221; make_equal__hover_enabled=&#8221;off&#8221; border_radii__hover=&#8221;on||||&#8221; border_radii__hover_enabled=&#8221;on||||&#8221; box_shadow_style__hover=&#8221;none&#8221; box_shadow_style__hover_enabled=&#8221;none&#8221; box_shadow_color__hover=&#8221;rgba(0,0,0,0.3)&#8221; box_shadow_color__hover_enabled=&#8221;rgba(0,0,0,0.3)&#8221; filter_hue_rotate__hover=&#8221;0deg&#8221; filter_hue_rotate__hover_enabled=&#8221;0deg&#8221; filter_saturate__hover=&#8221;100%&#8221; filter_saturate__hover_enabled=&#8221;100%&#8221; filter_brightness__hover=&#8221;100%&#8221; filter_brightness__hover_enabled=&#8221;100%&#8221; filter_contrast__hover=&#8221;100%&#8221; filter_contrast__hover_enabled=&#8221;100%&#8221; filter_invert__hover=&#8221;0%&#8221; filter_invert__hover_enabled=&#8221;0%&#8221; filter_sepia__hover=&#8221;0%&#8221; filter_sepia__hover_enabled=&#8221;0%&#8221; filter_opacity__hover=&#8221;100%&#8221; filter_opacity__hover_enabled=&#8221;100%&#8221; filter_blur__hover=&#8221;0px&#8221; filter_blur__hover_enabled=&#8221;0px&#8221; mix_blend_mode__hover=&#8221;normal&#8221; mix_blend_mode__hover_enabled=&#8221;normal&#8221; animation_style__hover=&#8221;none&#8221; animation_style__hover_enabled=&#8221;none&#8221; animation_repeat__hover=&#8221;once&#8221; animation_repeat__hover_enabled=&#8221;once&#8221; animation_direction__hover=&#8221;center&#8221; animation_direction__hover_enabled=&#8221;center&#8221; animation_duration__hover=&#8221;1000ms&#8221; animation_duration__hover_enabled=&#8221;1000ms&#8221; animation_delay__hover=&#8221;0ms&#8221; animation_delay__hover_enabled=&#8221;0ms&#8221; animation_intensity_slide__hover=&#8221;50%&#8221; animation_intensity_slide__hover_enabled=&#8221;50%&#8221; animation_intensity_zoom__hover=&#8221;50%&#8221; animation_intensity_zoom__hover_enabled=&#8221;50%&#8221; animation_intensity_flip__hover=&#8221;50%&#8221; animation_intensity_flip__hover_enabled=&#8221;50%&#8221; animation_intensity_fold__hover=&#8221;50%&#8221; animation_intensity_fold__hover_enabled=&#8221;50%&#8221; animation_intensity_roll__hover=&#8221;50%&#8221; animation_intensity_roll__hover_enabled=&#8221;50%&#8221; animation_starting_opacity__hover=&#8221;0%&#8221; animation_starting_opacity__hover_enabled=&#8221;0%&#8221; animation_speed_curve__hover=&#8221;ease-in-out&#8221; animation_speed_curve__hover_enabled=&#8221;ease-in-out&#8221; hover_transition_duration__hover=&#8221;300ms&#8221; hover_transition_duration__hover_enabled=&#8221;300ms&#8221; hover_transition_delay__hover=&#8221;0ms&#8221; hover_transition_delay__hover_enabled=&#8221;0ms&#8221; hover_transition_speed_curve__hover=&#8221;ease&#8221; hover_transition_speed_curve__hover_enabled=&#8221;ease&#8221; max_width__hover=&#8221;1080px&#8221; max_width__hover_enabled=&#8221;1080px&#8221;][et_pb_column_inner saved_specialty_column_type=&#8221;3_4&#8243; _builder_version=&#8221;4.4.7&#8243; custom_padding=&#8221;|||&#8221; custom_padding__hover=&#8221;|||&#8221;][et_pb_text admin_label=&#8221;T\u00edtulo Denuncie Pirataria&#8221; module_class=&#8221;titulo-fio&#8221; _builder_version=&#8221;4.4.8&#8243; text_font=&#8221;|700|||||||&#8221; text_text_color=&#8221;#0e6bea&#8221; text_font_size=&#8221;23px&#8221; custom_css_main_element=&#8221;text-transform: lowercase;&#8221;]<\/p>\n<p>Denuncie Pirataria<\/p>\n<p>[\/et_pb_text][\/et_pb_column_inner][\/et_pb_row_inner][et_pb_row_inner use_custom_gutter=&#8221;on&#8221; make_equal=&#8221;on&#8221; custom_padding_last_edited=&#8221;on|phone&#8221; _builder_version=&#8221;4.4.8&#8243; module_alignment=&#8221;center&#8221; custom_margin=&#8221;0px||20px|20px|false|false&#8221; custom_margin_tablet=&#8221;&#8221; custom_margin_phone=&#8221;0px||20px|0px|false|false&#8221; custom_margin_last_edited=&#8221;on|phone&#8221; custom_padding=&#8221;0px||20px|20px|false|false&#8221; custom_padding_tablet=&#8221;&#8221; custom_padding_phone=&#8221;|||0px|false|false&#8221;][et_pb_column_inner saved_specialty_column_type=&#8221;3_4&#8243; _builder_version=&#8221;4.4.4&#8243;][et_pb_text admin_label=&#8221;Texto Denuncie Pirataria&#8221; _builder_version=&#8221;4.4.8&#8243; hover_enabled=&#8221;0&#8243;]Acredita ter sido v\u00edtima de uso de software ilegal?<br \/>\nSuspeita ou tem conhecimento de algum caso?<\/p>\n<p>A viola\u00e7\u00e3o do direito de propriedade intelectual previsto na lei de software (Lei n\u00ba 9609\/1998) \u00e9 tipificada como crime de a\u00e7\u00e3o penal privada, dependendo de iniciativa direta e exclusiva do titular dos direitos autorais do software para tomada das medidas cab\u00edveis.Dessa forma, quem suspeitar que uma pessoa ou empresa esteja utilizando ou vendendo software n\u00e3o licenciado, pode entrar em contato com o titular do software e\/ou seu representante para entender a melhor forma de fazer uma den\u00fancia, contribuindo para um Brasil mais competitivo e combater a concorr\u00eancia desleal.<\/p>\n<p>Para esse fim, basta contatar diretamente a empresa da qual os direitos foram supostamente violados, cujos dados se encontram na lista de associados dispon\u00edvel no Portal ABES, atrav\u00e9s do link abaixo:<\/p>\n<div style=\"text-align: center;\"><a title=\"https:\/\/abes.org.br\/associados\/\" href=\"https:\/\/abes.org.br\/associados\/\" target=\"_blank\" rel=\"noopener noreferrer\">https:\/\/abes.org.br\/associados\/<\/a><\/div>\n<div style=\"text-align: justify;\"><\/div>\n<div style=\"text-align: justify;\"><strong>Importante: <\/strong>N\u00e3o incluir na den\u00fancia, dados pessoais ou sens\u00edveis, conforme defini\u00e7\u00f5es contidas na Lei n\u00ba 13.709\/18.<\/div>\n<div><\/div>\n<p>[\/et_pb_text][\/et_pb_column_inner][\/et_pb_row_inner][\/et_pb_column][et_pb_column type=&#8221;1_4&#8243; _builder_version=&#8221;3.25&#8243; custom_padding=&#8221;|||&#8221; custom_padding__hover=&#8221;|||&#8221;][et_pb_blurb image=&#8221;https:\/\/abes.org.br\/wp-content\/uploads\/2020\/09\/bg-grafismo-cinza-6.png&#8221; alt=&#8221;Acesso R\u00e1pido&#8221; admin_label=&#8221;Acesso R\u00e1pido&#8221; _builder_version=&#8221;4.4.8&#8243; body_font=&#8221;Saira|700|||||||&#8221; body_text_align=&#8221;center&#8221; body_text_color=&#8221;#0e6bea&#8221; body_font_size=&#8221;20px&#8221; text_orientation=&#8221;center&#8221; module_alignment=&#8221;center&#8221; custom_margin=&#8221;||15px||false|false&#8221; custom_padding=&#8221;||15px||false|false&#8221; custom_css_blurb_content=&#8221;text-transform: lowercase;&#8221; global_module=&#8221;10809&#8243;]<\/p>\n<p style=\"text-align: center;\">Acesso R\u00e1pido<\/p>\n<p>[\/et_pb_blurb][et_pb_menu menu_id=&#8221;10&#8243; menu_style=&#8221;centered&#8221; admin_label=&#8221;Menu Acesso R\u00e1pido&#8221; module_class=&#8221;menu-listagem&#8221; _builder_version=&#8221;4.4.8&#8243; menu_font=&#8221;Bai Jamjuree|600||on|||||&#8221; menu_text_color=&#8221;#000000&#8243; menu_font_size=&#8221;17px&#8221; custom_margin=&#8221;0px||||false|false&#8221; custom_padding=&#8221;0px||||false|false&#8221; border_color_bottom=&#8221;#d2d2d2&#8243; global_module=&#8221;10810&#8243;][\/et_pb_menu][\/et_pb_column][\/et_pb_section]<\/p>\n","protected":false},"excerpt":{"rendered":"<p>Denuncie PiratariaAcredita ter sido v\u00edtima de uso de software ilegal? Suspeita ou tem conhecimento de algum caso? A viola\u00e7\u00e3o do direito de propriedade intelectual previsto na lei de software (Lei n\u00ba 9609\/1998) \u00e9 tipificada como crime de a\u00e7\u00e3o penal privada, dependendo de iniciativa direta e exclusiva do titular dos direitos autorais do software para tomada [&hellip;]<\/p>\n","protected":false},"author":1,"featured_media":0,"parent":34926,"menu_order":3,"comment_status":"closed","ping_status":"closed","template":"","meta":{"_acf_changed":false,"_et_pb_use_builder":"on","_et_pb_old_content":"","_et_gb_content_width":"","footnotes":""},"class_list":["post-782","page","type-page","status-publish","hentry"],"acf":[],"yoast_head":"<!-- This site is optimized with the Yoast SEO plugin v27.3 - https:\/\/yoast.com\/product\/yoast-seo-wordpress\/ -->\n<title>Denuncie Pirataria - ABES<\/title>\n<meta name=\"robots\" content=\"index, follow, max-snippet:-1, max-image-preview:large, max-video-preview:-1\" \/>\n<link rel=\"canonical\" href=\"https:\/\/abes.org.br\/en\/abes\/etica-e-integridade\/denuncie-pirataria\/\" \/>\n<meta property=\"og:locale\" content=\"en_US\" \/>\n<meta property=\"og:type\" content=\"article\" \/>\n<meta property=\"og:title\" content=\"Denuncie Pirataria - ABES\" \/>\n<meta property=\"og:description\" content=\"Denuncie PiratariaAcredita ter sido v\u00edtima de uso de software ilegal? Suspeita ou tem conhecimento de algum caso? A viola\u00e7\u00e3o do direito de propriedade intelectual previsto na lei de software (Lei n\u00ba 9609\/1998) \u00e9 tipificada como crime de a\u00e7\u00e3o penal privada, dependendo de iniciativa direta e exclusiva do titular dos direitos autorais do software para tomada [&hellip;]\" \/>\n<meta property=\"og:url\" content=\"https:\/\/abes.org.br\/en\/abes\/etica-e-integridade\/denuncie-pirataria\/\" \/>\n<meta property=\"og:site_name\" content=\"ABES\" \/>\n<meta property=\"article:publisher\" content=\"https:\/\/www.facebook.com\/ABES.software\" \/>\n<meta property=\"article:modified_time\" content=\"2023-09-13T11:55:09+00:00\" \/>\n<meta property=\"og:image\" content=\"https:\/\/abes.org.br\/wp-content\/uploads\/2021\/01\/logo_abes_marca_tagline_horizontal_colorido_rgb.png\" \/>\n\t<meta property=\"og:image:width\" content=\"3509\" \/>\n\t<meta property=\"og:image:height\" content=\"2482\" \/>\n\t<meta property=\"og:image:type\" content=\"image\/png\" \/>\n<meta name=\"twitter:card\" content=\"summary_large_image\" \/>\n<meta name=\"twitter:site\" content=\"@ABES_SOFTWARE\" \/>\n<meta name=\"twitter:label1\" content=\"Est. reading time\" \/>\n\t<meta name=\"twitter:data1\" content=\"6 minutes\" \/>\n<script type=\"application\/ld+json\" class=\"yoast-schema-graph\">{\"@context\":\"https:\\\/\\\/schema.org\",\"@graph\":[{\"@type\":\"WebPage\",\"@id\":\"https:\\\/\\\/abes.org.br\\\/abes\\\/etica-e-integridade\\\/denuncie-pirataria\\\/\",\"url\":\"https:\\\/\\\/abes.org.br\\\/abes\\\/etica-e-integridade\\\/denuncie-pirataria\\\/\",\"name\":\"Denuncie Pirataria - ABES\",\"isPartOf\":{\"@id\":\"https:\\\/\\\/abes.org.br\\\/#website\"},\"datePublished\":\"2020-06-02T22:17:43+00:00\",\"dateModified\":\"2023-09-13T11:55:09+00:00\",\"breadcrumb\":{\"@id\":\"https:\\\/\\\/abes.org.br\\\/abes\\\/etica-e-integridade\\\/denuncie-pirataria\\\/#breadcrumb\"},\"inLanguage\":\"en-US\",\"potentialAction\":[{\"@type\":\"ReadAction\",\"target\":[\"https:\\\/\\\/abes.org.br\\\/abes\\\/etica-e-integridade\\\/denuncie-pirataria\\\/\"]}]},{\"@type\":\"BreadcrumbList\",\"@id\":\"https:\\\/\\\/abes.org.br\\\/abes\\\/etica-e-integridade\\\/denuncie-pirataria\\\/#breadcrumb\",\"itemListElement\":[{\"@type\":\"ListItem\",\"position\":1,\"name\":\"In\u00edcio\",\"item\":\"https:\\\/\\\/abes.org.br\\\/\"},{\"@type\":\"ListItem\",\"position\":2,\"name\":\"ABES\",\"item\":\"https:\\\/\\\/abes.org.br\\\/en\\\/abes\\\/\"},{\"@type\":\"ListItem\",\"position\":3,\"name\":\"\u00c9tica e Integridade\",\"item\":\"https:\\\/\\\/abes.org.br\\\/abes\\\/etica-e-integridade\\\/\"},{\"@type\":\"ListItem\",\"position\":4,\"name\":\"Denuncie Pirataria\"}]},{\"@type\":\"WebSite\",\"@id\":\"https:\\\/\\\/abes.org.br\\\/#website\",\"url\":\"https:\\\/\\\/abes.org.br\\\/\",\"name\":\"ABES\",\"description\":\"Associa\u00e7\u00e3o Brasileira das Empresas de Software\",\"publisher\":{\"@id\":\"https:\\\/\\\/abes.org.br\\\/#organization\"},\"potentialAction\":[{\"@type\":\"SearchAction\",\"target\":{\"@type\":\"EntryPoint\",\"urlTemplate\":\"https:\\\/\\\/abes.org.br\\\/?s={search_term_string}\"},\"query-input\":{\"@type\":\"PropertyValueSpecification\",\"valueRequired\":true,\"valueName\":\"search_term_string\"}}],\"inLanguage\":\"en-US\"},{\"@type\":\"Organization\",\"@id\":\"https:\\\/\\\/abes.org.br\\\/#organization\",\"name\":\"Associa\u00e7\u00e3o Brasileira das Empresas de Software\",\"url\":\"https:\\\/\\\/abes.org.br\\\/\",\"logo\":{\"@type\":\"ImageObject\",\"inLanguage\":\"en-US\",\"@id\":\"https:\\\/\\\/abes.org.br\\\/#\\\/schema\\\/logo\\\/image\\\/\",\"url\":\"https:\\\/\\\/abes.org.br\\\/wp-content\\\/uploads\\\/2020\\\/09\\\/logo_abes_marca_d_tagline_horizontal_verde-amarelo_cmyk.png\",\"contentUrl\":\"https:\\\/\\\/abes.org.br\\\/wp-content\\\/uploads\\\/2020\\\/09\\\/logo_abes_marca_d_tagline_horizontal_verde-amarelo_cmyk.png\",\"width\":324,\"height\":70,\"caption\":\"Associa\u00e7\u00e3o Brasileira das Empresas de Software\"},\"image\":{\"@id\":\"https:\\\/\\\/abes.org.br\\\/#\\\/schema\\\/logo\\\/image\\\/\"},\"sameAs\":[\"https:\\\/\\\/www.facebook.com\\\/ABES.software\",\"https:\\\/\\\/x.com\\\/ABES_SOFTWARE\",\"https:\\\/\\\/www.linkedin.com\\\/company\\\/abes-software\\\/\",\"https:\\\/\\\/www.instagram.com\\\/abes_software\\\/\"]}]}<\/script>\n<!-- \/ Yoast SEO plugin. -->","yoast_head_json":{"title":"Report Piracy - ABES","robots":{"index":"index","follow":"follow","max-snippet":"max-snippet:-1","max-image-preview":"max-image-preview:large","max-video-preview":"max-video-preview:-1"},"canonical":"https:\/\/abes.org.br\/en\/abes\/etica-e-integridade\/denuncie-pirataria\/","og_locale":"en_US","og_type":"article","og_title":"Denuncie Pirataria - ABES","og_description":"Denuncie PiratariaAcredita ter sido v\u00edtima de uso de software ilegal? Suspeita ou tem conhecimento de algum caso? A viola\u00e7\u00e3o do direito de propriedade intelectual previsto na lei de software (Lei n\u00ba 9609\/1998) \u00e9 tipificada como crime de a\u00e7\u00e3o penal privada, dependendo de iniciativa direta e exclusiva do titular dos direitos autorais do software para tomada [&hellip;]","og_url":"https:\/\/abes.org.br\/en\/abes\/etica-e-integridade\/denuncie-pirataria\/","og_site_name":"ABES","article_publisher":"https:\/\/www.facebook.com\/ABES.software","article_modified_time":"2023-09-13T11:55:09+00:00","og_image":[{"width":3509,"height":2482,"url":"https:\/\/abes.org.br\/wp-content\/uploads\/2021\/01\/logo_abes_marca_tagline_horizontal_colorido_rgb.png","type":"image\/png"}],"twitter_card":"summary_large_image","twitter_site":"@ABES_SOFTWARE","twitter_misc":{"Est. reading time":"6 minutes"},"schema":{"@context":"https:\/\/schema.org","@graph":[{"@type":"WebPage","@id":"https:\/\/abes.org.br\/abes\/etica-e-integridade\/denuncie-pirataria\/","url":"https:\/\/abes.org.br\/abes\/etica-e-integridade\/denuncie-pirataria\/","name":"Report Piracy - ABES","isPartOf":{"@id":"https:\/\/abes.org.br\/#website"},"datePublished":"2020-06-02T22:17:43+00:00","dateModified":"2023-09-13T11:55:09+00:00","breadcrumb":{"@id":"https:\/\/abes.org.br\/abes\/etica-e-integridade\/denuncie-pirataria\/#breadcrumb"},"inLanguage":"en-US","potentialAction":[{"@type":"ReadAction","target":["https:\/\/abes.org.br\/abes\/etica-e-integridade\/denuncie-pirataria\/"]}]},{"@type":"BreadcrumbList","@id":"https:\/\/abes.org.br\/abes\/etica-e-integridade\/denuncie-pirataria\/#breadcrumb","itemListElement":[{"@type":"ListItem","position":1,"name":"In\u00edcio","item":"https:\/\/abes.org.br\/"},{"@type":"ListItem","position":2,"name":"ABES","item":"https:\/\/abes.org.br\/en\/abes\/"},{"@type":"ListItem","position":3,"name":"\u00c9tica e Integridade","item":"https:\/\/abes.org.br\/abes\/etica-e-integridade\/"},{"@type":"ListItem","position":4,"name":"Denuncie Pirataria"}]},{"@type":"WebSite","@id":"https:\/\/abes.org.br\/#website","url":"https:\/\/abes.org.br\/","name":"ABES","description":"Brazilian Association of Software Companies","publisher":{"@id":"https:\/\/abes.org.br\/#organization"},"potentialAction":[{"@type":"SearchAction","target":{"@type":"EntryPoint","urlTemplate":"https:\/\/abes.org.br\/?s={search_term_string}"},"query-input":{"@type":"PropertyValueSpecification","valueRequired":true,"valueName":"search_term_string"}}],"inLanguage":"en-US"},{"@type":"Organization","@id":"https:\/\/abes.org.br\/#organization","name":"Brazilian Association of Software Companies","url":"https:\/\/abes.org.br\/","logo":{"@type":"ImageObject","inLanguage":"en-US","@id":"https:\/\/abes.org.br\/#\/schema\/logo\/image\/","url":"https:\/\/abes.org.br\/wp-content\/uploads\/2020\/09\/logo_abes_marca_d_tagline_horizontal_verde-amarelo_cmyk.png","contentUrl":"https:\/\/abes.org.br\/wp-content\/uploads\/2020\/09\/logo_abes_marca_d_tagline_horizontal_verde-amarelo_cmyk.png","width":324,"height":70,"caption":"Associa\u00e7\u00e3o Brasileira das Empresas de Software"},"image":{"@id":"https:\/\/abes.org.br\/#\/schema\/logo\/image\/"},"sameAs":["https:\/\/www.facebook.com\/ABES.software","https:\/\/x.com\/ABES_SOFTWARE","https:\/\/www.linkedin.com\/company\/abes-software\/","https:\/\/www.instagram.com\/abes_software\/"]}]}},"publishpress_future_action":{"enabled":false,"date":"2026-04-26 14:32:15","action":"change-status","newStatus":"draft","terms":[],"taxonomy":"","extraData":[]},"publishpress_future_workflow_manual_trigger":{"enabledWorkflows":[]},"_links":{"self":[{"href":"https:\/\/abes.org.br\/en\/wp-json\/wp\/v2\/pages\/782","targetHints":{"allow":["GET"]}}],"collection":[{"href":"https:\/\/abes.org.br\/en\/wp-json\/wp\/v2\/pages"}],"about":[{"href":"https:\/\/abes.org.br\/en\/wp-json\/wp\/v2\/types\/page"}],"author":[{"embeddable":true,"href":"https:\/\/abes.org.br\/en\/wp-json\/wp\/v2\/users\/1"}],"replies":[{"embeddable":true,"href":"https:\/\/abes.org.br\/en\/wp-json\/wp\/v2\/comments?post=782"}],"version-history":[{"count":10,"href":"https:\/\/abes.org.br\/en\/wp-json\/wp\/v2\/pages\/782\/revisions"}],"predecessor-version":[{"id":23694,"href":"https:\/\/abes.org.br\/en\/wp-json\/wp\/v2\/pages\/782\/revisions\/23694"}],"up":[{"embeddable":true,"href":"https:\/\/abes.org.br\/en\/wp-json\/wp\/v2\/pages\/34926"}],"wp:attachment":[{"href":"https:\/\/abes.org.br\/en\/wp-json\/wp\/v2\/media?parent=782"}],"curies":[{"name":"wp","href":"https:\/\/api.w.org\/{rel}","templated":true}]}}