{"id":660,"date":"2020-05-29T18:35:14","date_gmt":"2020-05-29T21:35:14","guid":{"rendered":"https:\/\/abes.org.br\/?page_id=660"},"modified":"2020-09-24T22:01:37","modified_gmt":"2020-09-25T01:01:37","slug":"conquistas","status":"publish","type":"page","link":"https:\/\/abes.org.br\/en\/abes\/conquistas\/","title":{"rendered":"Achievements"},"content":{"rendered":"<p>[et_pb_section fb_built=&#8221;1&#8243; specialty=&#8221;on&#8221; _builder_version=&#8221;4.4.8&#8243; custom_margin=&#8221;40px||||false|false&#8221; custom_padding=&#8221;||||false|false&#8221; hover_enabled=&#8221;0&#8243; custom_margin_last_edited=&#8221;on|phone&#8221; custom_margin_phone=&#8221;0px||||false|false&#8221;][et_pb_column type=&#8221;3_4&#8243; specialty_columns=&#8221;3&#8243; _builder_version=&#8221;3.25&#8243; custom_padding=&#8221;|||&#8221; custom_padding__hover=&#8221;|||&#8221;][et_pb_row_inner use_custom_gutter=&#8221;on&#8221; make_equal=&#8221;on&#8221; _builder_version=&#8221;4.4.7&#8243; custom_margin=&#8221;||||false|false&#8221; custom_padding=&#8221;||||false|false&#8221; custom_width_px__hover=&#8221;1080px&#8221; custom_width_px__hover_enabled=&#8221;1080px&#8221; custom_width_percent__hover=&#8221;80%&#8221; custom_width_percent__hover_enabled=&#8221;80%&#8221; parallax_1__hover=&#8221;off&#8221; parallax_1__hover_enabled=&#8221;off&#8221; parallax_2__hover=&#8221;off&#8221; parallax_2__hover_enabled=&#8221;off&#8221; parallax_3__hover=&#8221;off&#8221; parallax_3__hover_enabled=&#8221;off&#8221; parallax_4__hover=&#8221;off&#8221; parallax_4__hover_enabled=&#8221;off&#8221; parallax_5__hover=&#8221;off&#8221; parallax_5__hover_enabled=&#8221;off&#8221; parallax_6__hover=&#8221;off&#8221; parallax_6__hover_enabled=&#8221;off&#8221; parallax_method_1__hover=&#8221;on&#8221; parallax_method_1__hover_enabled=&#8221;on&#8221; parallax_method_2__hover=&#8221;on&#8221; parallax_method_2__hover_enabled=&#8221;on&#8221; parallax_method_3__hover=&#8221;on&#8221; parallax_method_3__hover_enabled=&#8221;on&#8221; parallax_method_4__hover=&#8221;on&#8221; parallax_method_4__hover_enabled=&#8221;on&#8221; parallax_method_5__hover=&#8221;on&#8221; parallax_method_5__hover_enabled=&#8221;on&#8221; parallax_method_6__hover=&#8221;on&#8221; parallax_method_6__hover_enabled=&#8221;on&#8221; use_background_color_gradient__hover=&#8221;off&#8221; use_background_color_gradient__hover_enabled=&#8221;off&#8221; background_color_gradient_start__hover=&#8221;#2b87da&#8221; background_color_gradient_start__hover_enabled=&#8221;#2b87da&#8221; background_color_gradient_end__hover=&#8221;#29c4a9&#8243; background_color_gradient_end__hover_enabled=&#8221;#29c4a9&#8243; background_color_gradient_type__hover=&#8221;linear&#8221; background_color_gradient_type__hover_enabled=&#8221;linear&#8221; background_color_gradient_direction__hover=&#8221;180deg&#8221; background_color_gradient_direction__hover_enabled=&#8221;180deg&#8221; background_color_gradient_direction_radial__hover=&#8221;center&#8221; background_color_gradient_direction_radial__hover_enabled=&#8221;center&#8221; background_color_gradient_start_position__hover=&#8221;0%&#8221; background_color_gradient_start_position__hover_enabled=&#8221;0%&#8221; background_color_gradient_end_position__hover=&#8221;100%&#8221; background_color_gradient_end_position__hover_enabled=&#8221;100%&#8221; background_color_gradient_overlays_image__hover=&#8221;off&#8221; background_color_gradient_overlays_image__hover_enabled=&#8221;off&#8221; parallax__hover=&#8221;off&#8221; parallax__hover_enabled=&#8221;off&#8221; parallax_method__hover=&#8221;on&#8221; parallax_method__hover_enabled=&#8221;on&#8221; background_size__hover=&#8221;cover&#8221; background_size__hover_enabled=&#8221;cover&#8221; background_position__hover=&#8221;center&#8221; background_position__hover_enabled=&#8221;center&#8221; background_repeat__hover=&#8221;no-repeat&#8221; background_repeat__hover_enabled=&#8221;no-repeat&#8221; background_blend__hover=&#8221;normal&#8221; background_blend__hover_enabled=&#8221;normal&#8221; allow_player_pause__hover=&#8221;off&#8221; allow_player_pause__hover_enabled=&#8221;off&#8221; background_video_pause_outside_viewport__hover=&#8221;on&#8221; background_video_pause_outside_viewport__hover_enabled=&#8221;on&#8221; make_fullwidth__hover=&#8221;off&#8221; make_fullwidth__hover_enabled=&#8221;off&#8221; use_custom_width__hover=&#8221;off&#8221; use_custom_width__hover_enabled=&#8221;off&#8221; width_unit__hover=&#8221;on&#8221; width_unit__hover_enabled=&#8221;on&#8221; use_custom_gutter__hover=&#8221;off&#8221; use_custom_gutter__hover_enabled=&#8221;off&#8221; gutter_width__hover=&#8221;3&#8243; gutter_width__hover_enabled=&#8221;3&#8243; make_equal__hover=&#8221;off&#8221; make_equal__hover_enabled=&#8221;off&#8221; border_radii__hover=&#8221;on||||&#8221; border_radii__hover_enabled=&#8221;on||||&#8221; box_shadow_style__hover=&#8221;none&#8221; box_shadow_style__hover_enabled=&#8221;none&#8221; box_shadow_color__hover=&#8221;rgba(0,0,0,0.3)&#8221; box_shadow_color__hover_enabled=&#8221;rgba(0,0,0,0.3)&#8221; filter_hue_rotate__hover=&#8221;0deg&#8221; filter_hue_rotate__hover_enabled=&#8221;0deg&#8221; filter_saturate__hover=&#8221;100%&#8221; filter_saturate__hover_enabled=&#8221;100%&#8221; filter_brightness__hover=&#8221;100%&#8221; filter_brightness__hover_enabled=&#8221;100%&#8221; filter_contrast__hover=&#8221;100%&#8221; filter_contrast__hover_enabled=&#8221;100%&#8221; filter_invert__hover=&#8221;0%&#8221; filter_invert__hover_enabled=&#8221;0%&#8221; filter_sepia__hover=&#8221;0%&#8221; filter_sepia__hover_enabled=&#8221;0%&#8221; filter_opacity__hover=&#8221;100%&#8221; filter_opacity__hover_enabled=&#8221;100%&#8221; filter_blur__hover=&#8221;0px&#8221; filter_blur__hover_enabled=&#8221;0px&#8221; mix_blend_mode__hover=&#8221;normal&#8221; mix_blend_mode__hover_enabled=&#8221;normal&#8221; animation_style__hover=&#8221;none&#8221; animation_style__hover_enabled=&#8221;none&#8221; animation_repeat__hover=&#8221;once&#8221; animation_repeat__hover_enabled=&#8221;once&#8221; animation_direction__hover=&#8221;center&#8221; animation_direction__hover_enabled=&#8221;center&#8221; animation_duration__hover=&#8221;1000ms&#8221; animation_duration__hover_enabled=&#8221;1000ms&#8221; animation_delay__hover=&#8221;0ms&#8221; animation_delay__hover_enabled=&#8221;0ms&#8221; animation_intensity_slide__hover=&#8221;50%&#8221; animation_intensity_slide__hover_enabled=&#8221;50%&#8221; animation_intensity_zoom__hover=&#8221;50%&#8221; animation_intensity_zoom__hover_enabled=&#8221;50%&#8221; animation_intensity_flip__hover=&#8221;50%&#8221; animation_intensity_flip__hover_enabled=&#8221;50%&#8221; animation_intensity_fold__hover=&#8221;50%&#8221; animation_intensity_fold__hover_enabled=&#8221;50%&#8221; animation_intensity_roll__hover=&#8221;50%&#8221; animation_intensity_roll__hover_enabled=&#8221;50%&#8221; animation_starting_opacity__hover=&#8221;0%&#8221; animation_starting_opacity__hover_enabled=&#8221;0%&#8221; animation_speed_curve__hover=&#8221;ease-in-out&#8221; animation_speed_curve__hover_enabled=&#8221;ease-in-out&#8221; hover_transition_duration__hover=&#8221;300ms&#8221; hover_transition_duration__hover_enabled=&#8221;300ms&#8221; hover_transition_delay__hover=&#8221;0ms&#8221; hover_transition_delay__hover_enabled=&#8221;0ms&#8221; hover_transition_speed_curve__hover=&#8221;ease&#8221; hover_transition_speed_curve__hover_enabled=&#8221;ease&#8221; max_width__hover=&#8221;1080px&#8221; max_width__hover_enabled=&#8221;1080px&#8221;][et_pb_column_inner saved_specialty_column_type=&#8221;3_4&#8243; _builder_version=&#8221;4.4.7&#8243; custom_padding=&#8221;|||&#8221; custom_padding__hover=&#8221;|||&#8221;][et_pb_text admin_label=&#8221;T\u00edtulo Conquistas&#8221; module_class=&#8221;titulo-fio&#8221; _builder_version=&#8221;4.4.8&#8243; text_font=&#8221;|700|||||||&#8221; text_text_color=&#8221;#0e6bea&#8221; text_font_size=&#8221;23px&#8221; custom_css_main_element=&#8221;text-transform: lowercase;&#8221;]<\/p>\n<p>Conquistas<\/p>\n<p>[\/et_pb_text][\/et_pb_column_inner][\/et_pb_row_inner][et_pb_row_inner use_custom_gutter=&#8221;on&#8221; make_equal=&#8221;on&#8221; _builder_version=&#8221;4.4.8&#8243; module_alignment=&#8221;center&#8221; custom_margin=&#8221;0px||20px|20px|false|false&#8221; custom_padding=&#8221;0px||20px|20px|false|false&#8221; hover_enabled=&#8221;0&#8243; custom_margin_last_edited=&#8221;on|phone&#8221; custom_margin_phone=&#8221;|||0px|false|false&#8221; custom_padding_last_edited=&#8221;on|phone&#8221; custom_padding_phone=&#8221;|||0px|false|false&#8221;][et_pb_column_inner saved_specialty_column_type=&#8221;3_4&#8243; _builder_version=&#8221;4.4.4&#8243;][et_pb_text admin_label=&#8221;Texto Conquistas&#8221; _builder_version=&#8221;4.4.7&#8243;]<\/p>\n<div>Dentre as diferentes frentes de a\u00e7\u00e3o da ABES se incluem:<\/div>\n<div>\u00a0<\/div>\n<div><strong>Educativa:<\/strong> ajuda na educa\u00e7\u00e3o e conscientiza\u00e7\u00e3o sobre a legisla\u00e7\u00e3o aplic\u00e1vel ao direito autoral, por meio de campanhas, treinamento de agentes de fiscaliza\u00e7\u00e3o e repress\u00e3o, participa\u00e7\u00e3o em palestras etc.<\/div>\n<div>\u00a0<\/div>\n<div><strong>Legislativa\/Econ\u00f4mica:<\/strong> pleiteia redu\u00e7\u00f5es da carga tribut\u00e1ria e estimula a cria\u00e7\u00e3o de modalidades de comercializa\u00e7\u00e3o que tornem as licen\u00e7as mais baratas, al\u00e9m de trabalhar para a melhoria das leis aplic\u00e1veis ao setor, especialmente no que diz respeito ao direito autoral, disponibiliza modelos de contratos e outros documentos etc.<\/div>\n<div>\u00a0<\/div>\n<div><strong>Repressiva:<\/strong> cataloga as den\u00fancias de viola\u00e7\u00e3o da propriedade intelectual, questiona usu\u00e1rios sobre as den\u00fancias, apoia e divulga as a\u00e7\u00f5es judiciais patrocinadas por seus associados para combater a viola\u00e7\u00e3o de seus direitos, alerta os potenciais violadores das leis, entre outros aspectos relevantes.<\/div>\n<div>\u00a0<\/div>\n<div>Por isso, a ABES re\u00fane v\u00e1rias conquistas em sua trajet\u00f3ria, das quais destacamos as principais:\u00a0<\/div>\n<ul>\n<li>Acompanhamento de elabora\u00e7\u00e3o da Lei de Software e seu Decreto Regulamentador.\u00a0<\/li>\n<li>Orienta\u00e7\u00e3o nos pleitos de Cadastramento de Programas junto a SEI, hoje SEPIN \u2013 Secretaria de Pol\u00edtica de Inform\u00e1tica;\u00a0<\/li>\n<\/ul>\n<ul>\n<li>Acompanhamento dos Processos de An\u00e1lise de Similaridade apresentados contra empresas associadas, oferecendo a elas todo suporte ao alcance no sentido de que o maior n\u00famero poss\u00edvel de programas obtivesse o cadastramento e, consequentemente, autoriza\u00e7\u00e3o de comercializa\u00e7\u00e3o no Pa\u00eds.<\/li>\n<\/ul>\n<ul>\n<li>Regulamenta\u00e7\u00e3o pelo Banco Central das remessas ao Exterior, para pagamento de software, atrav\u00e9s de diversas a\u00e7\u00f5es, tanto a n\u00edvel administrativo (of\u00edcios, reuni\u00f5es, elabora\u00e7\u00e3o de semin\u00e1rios, etc) como pela propositura de processos judiciais contra o Banco Central at\u00e9 a expedi\u00e7\u00e3o da Circular 1534 do Bancen.<\/li>\n<\/ul>\n<ul>\n<li>Procedimentos para normatiza\u00e7\u00e3o da comercializa\u00e7\u00e3o de programas de computador de origem externa, at\u00e9 a expedi\u00e7\u00e3o da Portaria 181 do Minist\u00e9rio da Fazenda e Portaria Conjunta SEI\/Receita Federal.<\/li>\n<\/ul>\n<ul>\n<li>Orienta\u00e7\u00e3o e realiza\u00e7\u00e3o de a\u00e7\u00f5es antipirataria, tais como: promo\u00e7\u00e3o de semin\u00e1rios sobre o tema; participa\u00e7\u00e3o em eventos nacionais e regionais de outras entidades discutindo o assunto; palestras em empresas e entidades governamentais, orientando os usu\u00e1rios sobre os riscos inerentes ao uso de software pirateado; fornecimento de suporte e apoio institucional \u00e0s empresas nas diversas a\u00e7\u00f5es judiciais de busca e apreens\u00e3o de software pirata;<\/li>\n<\/ul>\n<ul>\n<li>Luta pela defini\u00e7\u00e3o tribut\u00e1ria do software, defendendo o seu tratamento como servi\u00e7o sujeito ao ISS e n\u00e3o ao ICMS e ao IPI, incluindo o acompanhamento no Congresso do projeto da nova Lei de Servi\u00e7os;<\/li>\n<\/ul>\n<ul>\n<li>Forte atua\u00e7\u00e3o na elabora\u00e7\u00e3o da Lei de Software, obtendo avan\u00e7os como a extin\u00e7\u00e3o do cadastramento obrigat\u00f3rio, da an\u00e1lise \u00fanica da reserva de mercado na distribui\u00e7\u00e3o de software.<\/li>\n<\/ul>\n<ul>\n<li>Representa\u00e7\u00e3o no CONIN \u2013 Conselho Nacional de Inform\u00e1tica, onde defendeu as proposi\u00e7\u00f5es que visavam promover a maior abertura de mercado de inform\u00e1tica.<\/li>\n<\/ul>\n<p>[\/et_pb_text][\/et_pb_column_inner][\/et_pb_row_inner][\/et_pb_column][et_pb_column type=&#8221;1_4&#8243; _builder_version=&#8221;3.25&#8243; custom_padding=&#8221;|||&#8221; custom_padding__hover=&#8221;|||&#8221;][et_pb_blurb image=&#8221;https:\/\/abes.org.br\/wp-content\/uploads\/2020\/09\/bg-grafismo-cinza-6.png&#8221; alt=&#8221;Acesso R\u00e1pido&#8221; admin_label=&#8221;Acesso R\u00e1pido&#8221; _builder_version=&#8221;4.4.8&#8243; body_font=&#8221;Saira|700|||||||&#8221; body_text_align=&#8221;center&#8221; body_text_color=&#8221;#0e6bea&#8221; body_font_size=&#8221;20px&#8221; text_orientation=&#8221;center&#8221; module_alignment=&#8221;center&#8221; custom_margin=&#8221;||15px||false|false&#8221; custom_padding=&#8221;||15px||false|false&#8221; custom_css_blurb_content=&#8221;text-transform: lowercase;&#8221; global_module=&#8221;10809&#8243;]<\/p>\n<p style=\"text-align: center;\">Acesso R\u00e1pido<\/p>\n<p>[\/et_pb_blurb][et_pb_menu menu_id=&#8221;10&#8243; menu_style=&#8221;centered&#8221; admin_label=&#8221;Menu Acesso R\u00e1pido&#8221; module_class=&#8221;menu-listagem&#8221; _builder_version=&#8221;4.4.8&#8243; menu_font=&#8221;Bai Jamjuree|600||on|||||&#8221; menu_text_color=&#8221;#000000&#8243; menu_font_size=&#8221;17px&#8221; custom_margin=&#8221;0px||||false|false&#8221; custom_padding=&#8221;0px||||false|false&#8221; border_color_bottom=&#8221;#d2d2d2&#8243; global_module=&#8221;10810&#8243;][\/et_pb_menu][\/et_pb_column][\/et_pb_section]<\/p>\n","protected":false},"excerpt":{"rendered":"<p>ConquistasDentre as diferentes frentes de a\u00e7\u00e3o da ABES se incluem: \u00a0 Educativa: ajuda na educa\u00e7\u00e3o e conscientiza\u00e7\u00e3o sobre a legisla\u00e7\u00e3o aplic\u00e1vel ao direito autoral, por meio de campanhas, treinamento de agentes de fiscaliza\u00e7\u00e3o e repress\u00e3o, participa\u00e7\u00e3o em palestras etc. \u00a0 Legislativa\/Econ\u00f4mica: pleiteia redu\u00e7\u00f5es da carga tribut\u00e1ria e estimula a cria\u00e7\u00e3o de modalidades de comercializa\u00e7\u00e3o que [&hellip;]<\/p>\n","protected":false},"author":1,"featured_media":0,"parent":531,"menu_order":2,"comment_status":"closed","ping_status":"closed","template":"","meta":{"_acf_changed":false,"_et_pb_use_builder":"on","_et_pb_old_content":"","_et_gb_content_width":"","footnotes":""},"class_list":["post-660","page","type-page","status-publish","hentry"],"acf":[],"yoast_head":"<!-- This site is optimized with the Yoast SEO plugin v27.3 - https:\/\/yoast.com\/product\/yoast-seo-wordpress\/ -->\n<title>Conquistas - ABES<\/title>\n<meta name=\"robots\" content=\"index, follow, max-snippet:-1, max-image-preview:large, max-video-preview:-1\" \/>\n<link rel=\"canonical\" href=\"https:\/\/abes.org.br\/en\/abes\/conquistas\/\" \/>\n<meta property=\"og:locale\" content=\"en_US\" \/>\n<meta property=\"og:type\" content=\"article\" \/>\n<meta property=\"og:title\" content=\"Conquistas - ABES\" \/>\n<meta property=\"og:description\" content=\"ConquistasDentre as diferentes frentes de a\u00e7\u00e3o da ABES se incluem: \u00a0 Educativa: ajuda na educa\u00e7\u00e3o e conscientiza\u00e7\u00e3o sobre a legisla\u00e7\u00e3o aplic\u00e1vel ao direito autoral, por meio de campanhas, treinamento de agentes de fiscaliza\u00e7\u00e3o e repress\u00e3o, participa\u00e7\u00e3o em palestras etc. \u00a0 Legislativa\/Econ\u00f4mica: pleiteia redu\u00e7\u00f5es da carga tribut\u00e1ria e estimula a cria\u00e7\u00e3o de modalidades de comercializa\u00e7\u00e3o que [&hellip;]\" \/>\n<meta property=\"og:url\" content=\"https:\/\/abes.org.br\/en\/abes\/conquistas\/\" \/>\n<meta property=\"og:site_name\" content=\"ABES\" \/>\n<meta property=\"article:publisher\" content=\"https:\/\/www.facebook.com\/ABES.software\" \/>\n<meta property=\"article:modified_time\" content=\"2020-09-25T01:01:37+00:00\" \/>\n<meta property=\"og:image\" content=\"https:\/\/abes.org.br\/wp-content\/uploads\/2021\/01\/logo_abes_marca_tagline_horizontal_colorido_rgb.png\" \/>\n\t<meta property=\"og:image:width\" content=\"3509\" \/>\n\t<meta property=\"og:image:height\" content=\"2482\" \/>\n\t<meta property=\"og:image:type\" content=\"image\/png\" \/>\n<meta name=\"twitter:card\" content=\"summary_large_image\" \/>\n<meta name=\"twitter:site\" content=\"@ABES_SOFTWARE\" \/>\n<meta name=\"twitter:label1\" content=\"Est. reading time\" \/>\n\t<meta name=\"twitter:data1\" content=\"7 minutes\" \/>\n<script type=\"application\/ld+json\" class=\"yoast-schema-graph\">{\"@context\":\"https:\\\/\\\/schema.org\",\"@graph\":[{\"@type\":\"WebPage\",\"@id\":\"https:\\\/\\\/abes.org.br\\\/abes\\\/conquistas\\\/\",\"url\":\"https:\\\/\\\/abes.org.br\\\/abes\\\/conquistas\\\/\",\"name\":\"Conquistas - ABES\",\"isPartOf\":{\"@id\":\"https:\\\/\\\/abes.org.br\\\/#website\"},\"datePublished\":\"2020-05-29T21:35:14+00:00\",\"dateModified\":\"2020-09-25T01:01:37+00:00\",\"breadcrumb\":{\"@id\":\"https:\\\/\\\/abes.org.br\\\/abes\\\/conquistas\\\/#breadcrumb\"},\"inLanguage\":\"en-US\",\"potentialAction\":[{\"@type\":\"ReadAction\",\"target\":[\"https:\\\/\\\/abes.org.br\\\/abes\\\/conquistas\\\/\"]}]},{\"@type\":\"BreadcrumbList\",\"@id\":\"https:\\\/\\\/abes.org.br\\\/abes\\\/conquistas\\\/#breadcrumb\",\"itemListElement\":[{\"@type\":\"ListItem\",\"position\":1,\"name\":\"In\u00edcio\",\"item\":\"https:\\\/\\\/abes.org.br\\\/\"},{\"@type\":\"ListItem\",\"position\":2,\"name\":\"ABES\",\"item\":\"https:\\\/\\\/abes.org.br\\\/en\\\/abes\\\/\"},{\"@type\":\"ListItem\",\"position\":3,\"name\":\"Conquistas\"}]},{\"@type\":\"WebSite\",\"@id\":\"https:\\\/\\\/abes.org.br\\\/#website\",\"url\":\"https:\\\/\\\/abes.org.br\\\/\",\"name\":\"ABES\",\"description\":\"Associa\u00e7\u00e3o Brasileira das Empresas de Software\",\"publisher\":{\"@id\":\"https:\\\/\\\/abes.org.br\\\/#organization\"},\"potentialAction\":[{\"@type\":\"SearchAction\",\"target\":{\"@type\":\"EntryPoint\",\"urlTemplate\":\"https:\\\/\\\/abes.org.br\\\/?s={search_term_string}\"},\"query-input\":{\"@type\":\"PropertyValueSpecification\",\"valueRequired\":true,\"valueName\":\"search_term_string\"}}],\"inLanguage\":\"en-US\"},{\"@type\":\"Organization\",\"@id\":\"https:\\\/\\\/abes.org.br\\\/#organization\",\"name\":\"Associa\u00e7\u00e3o Brasileira das Empresas de Software\",\"url\":\"https:\\\/\\\/abes.org.br\\\/\",\"logo\":{\"@type\":\"ImageObject\",\"inLanguage\":\"en-US\",\"@id\":\"https:\\\/\\\/abes.org.br\\\/#\\\/schema\\\/logo\\\/image\\\/\",\"url\":\"https:\\\/\\\/abes.org.br\\\/wp-content\\\/uploads\\\/2020\\\/09\\\/logo_abes_marca_d_tagline_horizontal_verde-amarelo_cmyk.png\",\"contentUrl\":\"https:\\\/\\\/abes.org.br\\\/wp-content\\\/uploads\\\/2020\\\/09\\\/logo_abes_marca_d_tagline_horizontal_verde-amarelo_cmyk.png\",\"width\":324,\"height\":70,\"caption\":\"Associa\u00e7\u00e3o Brasileira das Empresas de Software\"},\"image\":{\"@id\":\"https:\\\/\\\/abes.org.br\\\/#\\\/schema\\\/logo\\\/image\\\/\"},\"sameAs\":[\"https:\\\/\\\/www.facebook.com\\\/ABES.software\",\"https:\\\/\\\/x.com\\\/ABES_SOFTWARE\",\"https:\\\/\\\/www.linkedin.com\\\/company\\\/abes-software\\\/\",\"https:\\\/\\\/www.instagram.com\\\/abes_software\\\/\"]}]}<\/script>\n<!-- \/ Yoast SEO plugin. -->","yoast_head_json":{"title":"Achievements - ABES","robots":{"index":"index","follow":"follow","max-snippet":"max-snippet:-1","max-image-preview":"max-image-preview:large","max-video-preview":"max-video-preview:-1"},"canonical":"https:\/\/abes.org.br\/en\/abes\/conquistas\/","og_locale":"en_US","og_type":"article","og_title":"Conquistas - ABES","og_description":"ConquistasDentre as diferentes frentes de a\u00e7\u00e3o da ABES se incluem: \u00a0 Educativa: ajuda na educa\u00e7\u00e3o e conscientiza\u00e7\u00e3o sobre a legisla\u00e7\u00e3o aplic\u00e1vel ao direito autoral, por meio de campanhas, treinamento de agentes de fiscaliza\u00e7\u00e3o e repress\u00e3o, participa\u00e7\u00e3o em palestras etc. \u00a0 Legislativa\/Econ\u00f4mica: pleiteia redu\u00e7\u00f5es da carga tribut\u00e1ria e estimula a cria\u00e7\u00e3o de modalidades de comercializa\u00e7\u00e3o que [&hellip;]","og_url":"https:\/\/abes.org.br\/en\/abes\/conquistas\/","og_site_name":"ABES","article_publisher":"https:\/\/www.facebook.com\/ABES.software","article_modified_time":"2020-09-25T01:01:37+00:00","og_image":[{"width":3509,"height":2482,"url":"https:\/\/abes.org.br\/wp-content\/uploads\/2021\/01\/logo_abes_marca_tagline_horizontal_colorido_rgb.png","type":"image\/png"}],"twitter_card":"summary_large_image","twitter_site":"@ABES_SOFTWARE","twitter_misc":{"Est. reading time":"7 minutes"},"schema":{"@context":"https:\/\/schema.org","@graph":[{"@type":"WebPage","@id":"https:\/\/abes.org.br\/abes\/conquistas\/","url":"https:\/\/abes.org.br\/abes\/conquistas\/","name":"Achievements - ABES","isPartOf":{"@id":"https:\/\/abes.org.br\/#website"},"datePublished":"2020-05-29T21:35:14+00:00","dateModified":"2020-09-25T01:01:37+00:00","breadcrumb":{"@id":"https:\/\/abes.org.br\/abes\/conquistas\/#breadcrumb"},"inLanguage":"en-US","potentialAction":[{"@type":"ReadAction","target":["https:\/\/abes.org.br\/abes\/conquistas\/"]}]},{"@type":"BreadcrumbList","@id":"https:\/\/abes.org.br\/abes\/conquistas\/#breadcrumb","itemListElement":[{"@type":"ListItem","position":1,"name":"In\u00edcio","item":"https:\/\/abes.org.br\/"},{"@type":"ListItem","position":2,"name":"ABES","item":"https:\/\/abes.org.br\/en\/abes\/"},{"@type":"ListItem","position":3,"name":"Conquistas"}]},{"@type":"WebSite","@id":"https:\/\/abes.org.br\/#website","url":"https:\/\/abes.org.br\/","name":"ABES","description":"Brazilian Association of Software Companies","publisher":{"@id":"https:\/\/abes.org.br\/#organization"},"potentialAction":[{"@type":"SearchAction","target":{"@type":"EntryPoint","urlTemplate":"https:\/\/abes.org.br\/?s={search_term_string}"},"query-input":{"@type":"PropertyValueSpecification","valueRequired":true,"valueName":"search_term_string"}}],"inLanguage":"en-US"},{"@type":"Organization","@id":"https:\/\/abes.org.br\/#organization","name":"Brazilian Association of Software Companies","url":"https:\/\/abes.org.br\/","logo":{"@type":"ImageObject","inLanguage":"en-US","@id":"https:\/\/abes.org.br\/#\/schema\/logo\/image\/","url":"https:\/\/abes.org.br\/wp-content\/uploads\/2020\/09\/logo_abes_marca_d_tagline_horizontal_verde-amarelo_cmyk.png","contentUrl":"https:\/\/abes.org.br\/wp-content\/uploads\/2020\/09\/logo_abes_marca_d_tagline_horizontal_verde-amarelo_cmyk.png","width":324,"height":70,"caption":"Associa\u00e7\u00e3o Brasileira das Empresas de Software"},"image":{"@id":"https:\/\/abes.org.br\/#\/schema\/logo\/image\/"},"sameAs":["https:\/\/www.facebook.com\/ABES.software","https:\/\/x.com\/ABES_SOFTWARE","https:\/\/www.linkedin.com\/company\/abes-software\/","https:\/\/www.instagram.com\/abes_software\/"]}]}},"publishpress_future_action":{"enabled":false,"date":"2026-04-18 11:04:07","action":"change-status","newStatus":"draft","terms":[],"taxonomy":"","extraData":[]},"publishpress_future_workflow_manual_trigger":{"enabledWorkflows":[]},"_links":{"self":[{"href":"https:\/\/abes.org.br\/en\/wp-json\/wp\/v2\/pages\/660","targetHints":{"allow":["GET"]}}],"collection":[{"href":"https:\/\/abes.org.br\/en\/wp-json\/wp\/v2\/pages"}],"about":[{"href":"https:\/\/abes.org.br\/en\/wp-json\/wp\/v2\/types\/page"}],"author":[{"embeddable":true,"href":"https:\/\/abes.org.br\/en\/wp-json\/wp\/v2\/users\/1"}],"replies":[{"embeddable":true,"href":"https:\/\/abes.org.br\/en\/wp-json\/wp\/v2\/comments?post=660"}],"version-history":[{"count":9,"href":"https:\/\/abes.org.br\/en\/wp-json\/wp\/v2\/pages\/660\/revisions"}],"predecessor-version":[{"id":23287,"href":"https:\/\/abes.org.br\/en\/wp-json\/wp\/v2\/pages\/660\/revisions\/23287"}],"up":[{"embeddable":true,"href":"https:\/\/abes.org.br\/en\/wp-json\/wp\/v2\/pages\/531"}],"wp:attachment":[{"href":"https:\/\/abes.org.br\/en\/wp-json\/wp\/v2\/media?parent=660"}],"curies":[{"name":"wp","href":"https:\/\/api.w.org\/{rel}","templated":true}]}}