{"id":39818,"date":"2021-10-06T12:06:41","date_gmt":"2021-10-06T15:06:41","guid":{"rendered":"https:\/\/abes.org.br\/?page_id=39818"},"modified":"2021-10-15T16:18:10","modified_gmt":"2021-10-15T19:18:10","slug":"termos-e-condicoes","status":"publish","type":"page","link":"https:\/\/abes.org.br\/en\/diagnostico-de-sustentabilidade\/termos-e-condicoes\/","title":{"rendered":"Terms and conditions"},"content":{"rendered":"<p>[et_pb_section fb_built=&#8221;1&#8243; fullwidth=&#8221;on&#8221; admin_label=&#8221;Cabe\u00e7alho Diagn\u00f3stico de Sustentabilidade&#8221; _builder_version=&#8221;4.9.3&#8243; background_color=&#8221;RGBA(0,0,0,0)&#8221; background_color_gradient_direction=&#8221;270deg&#8221; background_image=&#8221;https:\/\/abes.org.br\/wp-content\/uploads\/2021\/10\/bg-topo-diagnostico-sustentabilidade-2.jpg&#8221; background_position=&#8221;top_center&#8221; custom_margin=&#8221;||30px||false|false&#8221; custom_margin_tablet=&#8221;||0px||false|false&#8221; custom_margin_phone=&#8221;||0px||false|false&#8221; custom_margin_last_edited=&#8221;on|desktop&#8221; custom_padding=&#8221;||||false|false&#8221; bottom_divider_style=&#8221;ramp2&#8243; bottom_divider_color=&#8221;#FFFFFF&#8221; bottom_divider_height=&#8221;140px&#8221; bottom_divider_flip=&#8221;horizontal&#8221; bottom_divider_height_tablet=&#8221;100px&#8221; bottom_divider_height_phone=&#8221;35px&#8221; bottom_divider_height_last_edited=&#8221;on|phone&#8221;][et_pb_fullwidth_header title=&#8221;Diagn\u00f3stico de Sustentabilidade&#8221; subhead=&#8221;Termos e Condi\u00e7\u00f5es&#8221; background_overlay_color=&#8221;RGBA(0,0,0,0)&#8221; content_max_width=&#8221;60%&#8221; content_max_width_tablet=&#8221;90%&#8221; content_max_width_phone=&#8221;100%&#8221; content_max_width_last_edited=&#8221;on|tablet&#8221; admin_label=&#8221;T\u00edtulo Diagn\u00f3stico de Sustentabilidade&#8221; _builder_version=&#8221;4.9.3&#8243; title_font=&#8221;Open Sans|700|||||||&#8221; title_text_align=&#8221;left&#8221; title_text_color=&#8221;#ffffff&#8221; title_font_size=&#8221;40px&#8221; content_font=&#8221;Open Sans||||||||&#8221; content_text_align=&#8221;left&#8221; content_text_color=&#8221;#ffffff&#8221; content_font_size=&#8221;22px&#8221; content_line_height=&#8221;1.2em&#8221; subhead_font=&#8221;Open Sans|700|||||||&#8221; subhead_text_align=&#8221;left&#8221; subhead_text_color=&#8221;#ffffff&#8221; subhead_font_size=&#8221;25px&#8221; background_enable_color=&#8221;off&#8221; use_background_color_gradient=&#8221;on&#8221; background_color_gradient_start=&#8221;rgba(0,0,0,0)&#8221; background_color_gradient_end=&#8221;rgba(0,0,0,0)&#8221; background_color_gradient_direction=&#8221;50deg&#8221; background_color_gradient_start_position=&#8221;16%&#8221; background_color_gradient_end_position=&#8221;72%&#8221; background_color_gradient_overlays_image=&#8221;on&#8221; background_enable_image=&#8221;off&#8221; parallax=&#8221;on&#8221; parallax_method=&#8221;on&#8221; custom_button_one=&#8221;on&#8221; button_one_text_size=&#8221;23px&#8221; button_one_text_color=&#8221;#FFFFFF&#8221; button_one_bg_color=&#8221;#f0565c&#8221; button_one_border_width=&#8221;0px&#8221; button_one_border_color=&#8221;#ffffff&#8221; button_one_border_radius=&#8221;13px&#8221; button_one_letter_spacing=&#8221;0px&#8221; button_one_font=&#8221;Open Sans|700|||||||&#8221; button_one_use_icon=&#8221;off&#8221; button_one_custom_padding=&#8221;10px|15px|10px|15px|false|false&#8221; custom_button_two=&#8221;on&#8221; button_two_text_size=&#8221;16px&#8221; button_two_text_color=&#8221;#ffffff&#8221; button_two_bg_color=&#8221;rgba(0,0,0,0.35)&#8221; button_two_border_width=&#8221;15px&#8221; button_two_border_color=&#8221;rgba(0,0,0,0)&#8221; button_two_border_radius=&#8221;100px&#8221; button_two_letter_spacing=&#8221;3px&#8221; button_two_font=&#8221;Oswald|||on|||||&#8221; button_two_use_icon=&#8221;off&#8221; custom_margin=&#8221;|||0px|false|false&#8221; custom_margin_phone=&#8221;|30px|||false|false&#8221; custom_margin_last_edited=&#8221;off|desktop&#8221; custom_padding=&#8221;7vw||7vw|0px|false|false&#8221; custom_padding_last_edited=&#8221;off|desktop&#8221; animation_style=&#8221;zoom&#8221; animation_duration=&#8221;2000ms&#8221; animation_intensity_zoom=&#8221;4%&#8221; link_option_url_new_window=&#8221;on&#8221; title_font_size_tablet=&#8221;30px&#8221; title_font_size_phone=&#8221;24px&#8221; title_font_size_last_edited=&#8221;on|phone&#8221; subhead_font_size_tablet=&#8221;80px&#8221; subhead_font_size_phone=&#8221;50px&#8221; subhead_font_size_last_edited=&#8221;off|desktop&#8221; custom_css_header_image=&#8221; z-index: -1;&#8221; button_one_border_radius_hover=&#8221;100px&#8221; button_one_bg_color_hover=&#8221;#cc8d66&#8243; button_two_bg_color_hover=&#8221;#d29f68&#8243; button_one_text_size__hover_enabled=&#8221;off&#8221; button_two_text_size__hover_enabled=&#8221;off&#8221; button_one_text_color__hover_enabled=&#8221;off&#8221; button_two_text_color__hover_enabled=&#8221;off&#8221; button_one_border_width__hover_enabled=&#8221;off&#8221; button_two_border_width__hover_enabled=&#8221;off&#8221; button_one_border_color__hover_enabled=&#8221;off&#8221; button_two_border_color__hover_enabled=&#8221;off&#8221; button_one_border_radius__hover_enabled=&#8221;on|hover&#8221; button_one_border_radius__hover=&#8221;13px&#8221; button_two_border_radius__hover_enabled=&#8221;off&#8221; button_one_letter_spacing__hover_enabled=&#8221;off&#8221; button_two_letter_spacing__hover_enabled=&#8221;off&#8221; button_one_bg_color__hover_enabled=&#8221;on|desktop&#8221; button_one_bg_color__hover=&#8221;#ef454b&#8221; button_two_bg_color__hover_enabled=&#8221;on&#8221; button_two_bg_color__hover=&#8221;#d29f68&#8243; button_one_bg_enable_color__hover=&#8221;on&#8221;][\/et_pb_fullwidth_header][\/et_pb_section][et_pb_section fb_built=&#8221;1&#8243; custom_padding_last_edited=&#8221;on|desktop&#8221; admin_label=&#8221;Se\u00e7\u00e3o Termos e Condi\u00e7\u00f5es&#8221; _builder_version=&#8221;4.9.3&#8243; _module_preset=&#8221;default&#8221; custom_margin=&#8221;||10px||false|false&#8221; custom_margin_tablet=&#8221;20px||0px||false|false&#8221; custom_margin_phone=&#8221;||0px||false|false&#8221; custom_margin_last_edited=&#8221;on|tablet&#8221; custom_padding=&#8221;20px||0px||false|false&#8221; custom_padding_tablet=&#8221;&#8221; custom_padding_phone=&#8221;&#8221;][et_pb_row custom_padding_last_edited=&#8221;on|desktop&#8221; admin_label=&#8221;Linha Termos e Condi\u00e7\u00f5es&#8221; _builder_version=&#8221;4.9.3&#8243; _module_preset=&#8221;default&#8221; custom_margin_tablet=&#8221;0px||0px||false|false&#8221; custom_margin_phone=&#8221;&#8221; custom_margin_last_edited=&#8221;on|phone&#8221; custom_padding=&#8221;0px||0px||false|false&#8221; custom_padding_tablet=&#8221;&#8221; custom_padding_phone=&#8221;&#8221;][et_pb_column type=&#8221;4_4&#8243; _builder_version=&#8221;4.9.3&#8243; _module_preset=&#8221;default&#8221;][et_pb_text admin_label=&#8221;Texto Termos e Condi\u00e7\u00f5es&#8221; _builder_version=&#8221;4.9.3&#8243; _module_preset=&#8221;default&#8221; header_2_font=&#8221;|700|||||||&#8221; header_2_font_size=&#8221;29px&#8221; custom_margin=&#8221;||20px||false|false&#8221; custom_padding=&#8221;||20px||false|false&#8221;]<\/p>\n<p><strong>Introdu\u00e7\u00e3o<\/strong><\/p>\n<p>Os Termos e Condi\u00e7\u00f5es aqui descritos destinam-se a descrever as pr\u00e1ticas que a Ferramenta Diagn\u00f3stico de Sustentabilidade (&#8220;Ferramenta&#8221;) segue no que diz respeito \u00e0 privacidade das informa\u00e7\u00f5es que s\u00e3o concedidas, processadas e armazenadas pela Ferramenta.<\/p>\n<p><strong>Utiliza\u00e7\u00e3o e tipo de informa\u00e7\u00e3o processada pela Ferramenta<\/strong><\/p>\n<p>Ao acessar a Ferramenta ser\u00e3o exigidos apenas dados relacionados a sua empresa, n\u00e3o sendo solicitado qualquer informa\u00e7\u00e3o que possa identificar a empresa ou qualquer tipo de dado pessoal (i.e., informa\u00e7\u00e3o relacionada a pessoa natural identificada ou identific\u00e1vel) do usu\u00e1rio.<\/p>\n<p>N\u00e3o \u00e9 inten\u00e7\u00e3o da Ferramenta processar dados pessoais, bem como dados pessoais sens\u00edveis. Assim, solicitamos que voc\u00ea n\u00e3o insira dados pessoais e dados pessoais sens\u00edveis na Ferramenta antes ou durante a pesquisa. Para os fins deste Termo, \u201cDados Pessoais Sens\u00edveis\u201d significam dados pessoais de um indiv\u00edduo que consiste em informa\u00e7\u00f5es sobre a origem racial ou \u00e9tnica do titular dos dados, suas opini\u00f5es pol\u00edticas, suas cren\u00e7as religiosas ou filos\u00f3ficas, se ele \u00e9 um membro de um sindicato e sua posi\u00e7\u00e3o para sindicatos, seus dados gen\u00e9ticos, dados biom\u00e9tricos, a fim de identificar exclusivamente uma pessoa, sua sa\u00fade f\u00edsica ou mental ou condi\u00e7\u00e3o, a sua vida sexual e orienta\u00e7\u00e3o, suas convic\u00e7\u00f5es criminais e infra\u00e7\u00f5es ou medidas de seguran\u00e7a relacionadas, seus arquivos de seguran\u00e7a social.<\/p>\n<p>Ressaltamos que o fornecimento das informa\u00e7\u00f5es para n\u00f3s acontece de forma anonimizada e n\u00e3o identific\u00e1vel, de modo que n\u00e3o ser\u00e1 necess\u00e1rio o fornecimento de qualquer informa\u00e7\u00e3o da empresa e\/ou pessoal que possa identific\u00e1-lo para uso da Ferramenta.<\/p>\n<p>Para acessar a Ferramenta \u00e9 necess\u00e1rio responder ao question\u00e1rio inicial, no qual ser\u00e3o solicitadas as seguintes informa\u00e7\u00f5es: (i) Porte da Empresa, (ii) Principal Tipo de Cliente, (iii) N\u00famero de Funcion\u00e1rios da Empresa, (iv) Unidade Federativa em que a empresa atua e (v) Setor de Neg\u00f3cios.<\/p>\n<p>De modo a garantir a anonimiza\u00e7\u00e3o do usu\u00e1rio, a Ferramenta n\u00e3o armazena qualquer tipo de dado de acesso, de modo que caso o usu\u00e1rio saia do question\u00e1rio antes de finaliz\u00e1-lo, o progresso ser\u00e1 perdido e ser\u00e1 necess\u00e1rio iniciar novamente o question\u00e1rio em um novo acesso.<\/p>\n<p>As informa\u00e7\u00f5es fornecidas pelo usu\u00e1rio na Ferramenta poder\u00e3o ser usadas por n\u00f3s para fins de pesquisa e estat\u00edstica, benchmarking e an\u00e1lise de tend\u00eancias do setor, sem que haja qualquer tipo de identifica\u00e7\u00e3o do usu\u00e1rio. Portanto, certifique-se de que voc\u00ea n\u00e3o inserir dados pessoais confidenciais ou informa\u00e7\u00f5es confidenciais na Ferramenta se um campo de texto livre estiver presente.<\/p>\n<p><strong>Gerenciamento da Ferramenta<\/strong><\/p>\n<p>A entidade que est\u00e1 agindo como controlador de dados, fornecendo esta Ferramenta em que suas informa\u00e7\u00f5es ser\u00e3o processadas e armazenadas \u00e9 a ABES &#8211; ASSOCIA\u00c7\u00c3O BRASILEIRA DAS EMPRESAS DE SOFTWARE, entidade de classe a n\u00edvel nacional, com sede em S\u00e3o Paulo, Estado de S\u00e3o Paulo e que pode atuar como um controlador de dados em seu pr\u00f3prio direito.<\/p>\n<p><strong>Quem pode acessar as informa\u00e7\u00f5es?<\/strong><\/p>\n<p>A ABES somente ir\u00e1 compartilhar as informa\u00e7\u00f5es fornecidas pelo usu\u00e1rio na Ferramenta com terceiros que concordarem expressamente por escrito em fornecer um n\u00edvel adequado de prote\u00e7\u00e3o de privacidade.<\/p>\n<p>As informa\u00e7\u00f5es do usu\u00e1rio poder\u00e3o ser acessadas na Ferramenta pelas seguintes categorias de pessoas para os fins abaixo descritos:<\/p>\n<ul>\n<li>Administradores da Ferramenta: implementar e manter a aplica\u00e7\u00e3o com configura\u00e7\u00f5es padr\u00e3o, definir modelos e metadados, configurar o banco de perguntas e a l\u00f3gica para ramifica\u00e7\u00e3o que \u00e9 utiliz\u00e1vel por todos.<\/li>\n<li>Autores da pesquisa: criar question\u00e1rios, gerenciar e controlar o acesso a question\u00e1rios e resultados correspondentes e criar relat\u00f3rios com base em resultados.<\/li>\n<\/ul>\n<p><strong>Reten\u00e7\u00e3o de dados<\/strong><\/p>\n<p>A ABES manter\u00e1 armazenadas as informa\u00e7\u00f5es de resposta da pesquisa na Ferramenta por 7 (sete) anos, de acordo com a as suas respectivas pol\u00edticas de reten\u00e7\u00e3o de registros (ou como aprimorada\/modificada pelos requisitos de pol\u00edtica regional e local).<\/p>\n<p><strong>Seguran\u00e7a<\/strong><\/p>\n<p>A ABES implementou padr\u00f5es aceitos de medidas t\u00e9cnicas e pol\u00edticas de seguran\u00e7a que protegem as informa\u00e7\u00f5es pessoais na Ferramenta que tem seu controle de acesso n\u00e3o autorizado, uso indevido ou divulga\u00e7\u00e3o, modifica\u00e7\u00e3o n\u00e3o autorizada e ilegal destrui\u00e7\u00e3o ou perda acidental.<\/p>\n<p><strong>Fale conosco<\/strong><\/p>\n<p>Se voc\u00ea tiver d\u00favidas ou n\u00e3o sentir que suas preocupa\u00e7\u00f5es foram abordadas nestes\u00a0<strong>Termos e Condi\u00e7\u00f5es<\/strong>, entre em contato conosco atrav\u00e9s dos contatos indicados na p\u00e1gina do Fale Conosco.<\/p>\n<p><strong>Reconhecimento<\/strong><\/p>\n<p>Ap\u00f3s a sua aceita\u00e7\u00e3o eletr\u00f4nica, os termos contidos neste Termos e Condi\u00e7\u00f5es s\u00e3o considerados efetivos a partir da data desta aceita\u00e7\u00e3o e permanecer\u00e3o efetivos at\u00e9 6 (seis) semanas ap\u00f3s a conclus\u00e3o do inqu\u00e9rito.<\/p>\n<p>Por favor, reveja os\u00a0<strong>Termos e Condi\u00e7\u00f5es<\/strong>\u00a0e avance para aceitar ou recusar a aceita\u00e7\u00e3o.<\/p>\n<p><strong>Voc\u00ea aceita os termos e condi\u00e7\u00f5es?<\/strong><\/p>\n<p>[\/et_pb_text][et_pb_code admin_label=&#8221;Bot\u00e3o Aceite Termos e Condi\u00e7\u00f5es&#8221; _builder_version=&#8221;4.9.3&#8243; _module_preset=&#8221;default&#8221;]<\/p>\n<form action=\"https:\/\/abes.org.br\/diagnostico-de-sustentabilidade\/questionario\/\" method=\"post\" id=\"form-pesquisa\"><!-- [et_pb_line_break_holder] -->    <label for=\"checkbox-pesquisa\"><!-- [et_pb_line_break_holder] -->        <input id=\"checkbox-pesquisa\" name=\"checkbox-pesquisa\" type=\"checkbox\" value=\"yes\" \/><!-- [et_pb_line_break_holder] -->        <\/p>\n<div><!-- [et_pb_line_break_holder] -->            Voc\u00ea confirma que leu e aceita os Termos e Condi\u00e7\u00f5es?<!-- [et_pb_line_break_holder] -->        <\/div>\n<p><!-- [et_pb_line_break_holder] -->    <\/label><!-- [et_pb_line_break_holder] -->    <button type=\"submit\" class=\"et_pb_button et_pb_button_3 et_pb_bg_layout_light\">Clique para acessar o question\u00e1rio<\/button><!-- [et_pb_line_break_holder] --><\/form>\n<p><!-- [et_pb_line_break_holder] --><!-- [et_pb_line_break_holder] --><script><!-- [et_pb_line_break_holder] -->        var ckb_terms = document.getElementById('checkbox-pesquisa');<!-- [et_pb_line_break_holder] -->        var form_pesquisa = document.getElementById('form-pesquisa');<!-- [et_pb_line_break_holder] -->        form_pesquisa.addEventListener(\"submit\", function (e) {<!-- [et_pb_line_break_holder] -->            if (!ckb_terms.checked) {<!-- [et_pb_line_break_holder] -->                e.preventDefault();<!-- [et_pb_line_break_holder] -->                alert('Voc\u00ea precisa confirmar que leu e aceita os Termos e Condi\u00e7\u00f5es.');<!-- [et_pb_line_break_holder] -->            }<!-- [et_pb_line_break_holder] -->        });<!-- [et_pb_line_break_holder] --><\/script><!-- [et_pb_line_break_holder] --><!-- [et_pb_line_break_holder] --><\/p>\n<style><!-- [et_pb_line_break_holder] -->    #form-pesquisa {<!-- [et_pb_line_break_holder] -->        text-align: center;<!-- [et_pb_line_break_holder] -->      \tmargin-bottom:50px;<!-- [et_pb_line_break_holder] -->    }<!-- [et_pb_line_break_holder] --><!-- [et_pb_line_break_holder] -->    #form-pesquisa label {<!-- [et_pb_line_break_holder] -->        display: flex;<!-- [et_pb_line_break_holder] -->        margin-bottom: 10px;<!-- [et_pb_line_break_holder] -->    \t\tjustify-content: center;<!-- [et_pb_line_break_holder] -->    }<!-- [et_pb_line_break_holder] --><!-- [et_pb_line_break_holder] -->    #form-pesquisa button {<!-- [et_pb_line_break_holder] -->        cursor: pointer;<!-- [et_pb_line_break_holder] -->    }<!-- [et_pb_line_break_holder] --><!-- [et_pb_line_break_holder] -->    #checkbox-pesquisa {<!-- [et_pb_line_break_holder] -->        margin-right: 10px;<!-- [et_pb_line_break_holder] -->    }<!-- [et_pb_line_break_holder] --><\/style>\n<p><!-- [et_pb_line_break_holder] --><!-- [et_pb_line_break_holder] -->[\/et_pb_code][\/et_pb_column][\/et_pb_row][\/et_pb_section]<\/p>\n","protected":false},"excerpt":{"rendered":"<p>Introdu\u00e7\u00e3o Os Termos e Condi\u00e7\u00f5es aqui descritos destinam-se a descrever as pr\u00e1ticas que a Ferramenta Diagn\u00f3stico de Sustentabilidade (&#8220;Ferramenta&#8221;) segue no que diz respeito \u00e0 privacidade das informa\u00e7\u00f5es que s\u00e3o concedidas, processadas e armazenadas pela Ferramenta. Utiliza\u00e7\u00e3o e tipo de informa\u00e7\u00e3o processada pela Ferramenta Ao acessar a Ferramenta ser\u00e3o exigidos apenas dados relacionados a sua [&hellip;]<\/p>\n","protected":false},"author":2,"featured_media":0,"parent":39811,"menu_order":0,"comment_status":"closed","ping_status":"closed","template":"","meta":{"_acf_changed":false,"_et_pb_use_builder":"on","_et_pb_old_content":"","_et_gb_content_width":"","footnotes":""},"class_list":["post-39818","page","type-page","status-publish","hentry"],"acf":[],"yoast_head":"<!-- This site is optimized with the Yoast SEO plugin v27.3 - https:\/\/yoast.com\/product\/yoast-seo-wordpress\/ -->\n<title>Termos e Condi\u00e7\u00f5es - ABES<\/title>\n<meta name=\"robots\" content=\"index, follow, max-snippet:-1, max-image-preview:large, max-video-preview:-1\" \/>\n<link rel=\"canonical\" href=\"https:\/\/abes.org.br\/en\/diagnostico-de-sustentabilidade\/termos-e-condicoes\/\" \/>\n<meta property=\"og:locale\" content=\"en_US\" \/>\n<meta property=\"og:type\" content=\"article\" \/>\n<meta property=\"og:title\" content=\"Termos e Condi\u00e7\u00f5es - ABES\" \/>\n<meta property=\"og:description\" content=\"Introdu\u00e7\u00e3o Os Termos e Condi\u00e7\u00f5es aqui descritos destinam-se a descrever as pr\u00e1ticas que a Ferramenta Diagn\u00f3stico de Sustentabilidade (&quot;Ferramenta&quot;) segue no que diz respeito \u00e0 privacidade das informa\u00e7\u00f5es que s\u00e3o concedidas, processadas e armazenadas pela Ferramenta. Utiliza\u00e7\u00e3o e tipo de informa\u00e7\u00e3o processada pela Ferramenta Ao acessar a Ferramenta ser\u00e3o exigidos apenas dados relacionados a sua [&hellip;]\" \/>\n<meta property=\"og:url\" content=\"https:\/\/abes.org.br\/en\/diagnostico-de-sustentabilidade\/termos-e-condicoes\/\" \/>\n<meta property=\"og:site_name\" content=\"ABES\" \/>\n<meta property=\"article:publisher\" content=\"https:\/\/www.facebook.com\/ABES.software\" \/>\n<meta property=\"article:modified_time\" content=\"2021-10-15T19:18:10+00:00\" \/>\n<meta property=\"og:image\" content=\"https:\/\/abes.org.br\/wp-content\/uploads\/2021\/01\/logo_abes_marca_tagline_horizontal_colorido_rgb.png\" \/>\n\t<meta property=\"og:image:width\" content=\"3509\" \/>\n\t<meta property=\"og:image:height\" content=\"2482\" \/>\n\t<meta property=\"og:image:type\" content=\"image\/png\" \/>\n<meta name=\"twitter:card\" content=\"summary_large_image\" \/>\n<meta name=\"twitter:site\" content=\"@ABES_SOFTWARE\" \/>\n<meta name=\"twitter:label1\" content=\"Est. reading time\" \/>\n\t<meta name=\"twitter:data1\" content=\"8 minutes\" \/>\n<script type=\"application\/ld+json\" class=\"yoast-schema-graph\">{\"@context\":\"https:\\\/\\\/schema.org\",\"@graph\":[{\"@type\":\"WebPage\",\"@id\":\"https:\\\/\\\/abes.org.br\\\/diagnostico-de-sustentabilidade\\\/termos-e-condicoes\\\/\",\"url\":\"https:\\\/\\\/abes.org.br\\\/diagnostico-de-sustentabilidade\\\/termos-e-condicoes\\\/\",\"name\":\"Termos e Condi\u00e7\u00f5es - ABES\",\"isPartOf\":{\"@id\":\"https:\\\/\\\/abes.org.br\\\/#website\"},\"datePublished\":\"2021-10-06T15:06:41+00:00\",\"dateModified\":\"2021-10-15T19:18:10+00:00\",\"breadcrumb\":{\"@id\":\"https:\\\/\\\/abes.org.br\\\/diagnostico-de-sustentabilidade\\\/termos-e-condicoes\\\/#breadcrumb\"},\"inLanguage\":\"en-US\",\"potentialAction\":[{\"@type\":\"ReadAction\",\"target\":[\"https:\\\/\\\/abes.org.br\\\/diagnostico-de-sustentabilidade\\\/termos-e-condicoes\\\/\"]}]},{\"@type\":\"BreadcrumbList\",\"@id\":\"https:\\\/\\\/abes.org.br\\\/diagnostico-de-sustentabilidade\\\/termos-e-condicoes\\\/#breadcrumb\",\"itemListElement\":[{\"@type\":\"ListItem\",\"position\":1,\"name\":\"In\u00edcio\",\"item\":\"https:\\\/\\\/abes.org.br\\\/\"},{\"@type\":\"ListItem\",\"position\":2,\"name\":\"Diagn\u00f3stico de Sustentabilidade\",\"item\":\"https:\\\/\\\/abes.org.br\\\/diagnostico-de-sustentabilidade\\\/\"},{\"@type\":\"ListItem\",\"position\":3,\"name\":\"Termos e Condi\u00e7\u00f5es\"}]},{\"@type\":\"WebSite\",\"@id\":\"https:\\\/\\\/abes.org.br\\\/#website\",\"url\":\"https:\\\/\\\/abes.org.br\\\/\",\"name\":\"ABES\",\"description\":\"Associa\u00e7\u00e3o Brasileira das Empresas de Software\",\"publisher\":{\"@id\":\"https:\\\/\\\/abes.org.br\\\/#organization\"},\"potentialAction\":[{\"@type\":\"SearchAction\",\"target\":{\"@type\":\"EntryPoint\",\"urlTemplate\":\"https:\\\/\\\/abes.org.br\\\/?s={search_term_string}\"},\"query-input\":{\"@type\":\"PropertyValueSpecification\",\"valueRequired\":true,\"valueName\":\"search_term_string\"}}],\"inLanguage\":\"en-US\"},{\"@type\":\"Organization\",\"@id\":\"https:\\\/\\\/abes.org.br\\\/#organization\",\"name\":\"Associa\u00e7\u00e3o Brasileira das Empresas de Software\",\"url\":\"https:\\\/\\\/abes.org.br\\\/\",\"logo\":{\"@type\":\"ImageObject\",\"inLanguage\":\"en-US\",\"@id\":\"https:\\\/\\\/abes.org.br\\\/#\\\/schema\\\/logo\\\/image\\\/\",\"url\":\"https:\\\/\\\/abes.org.br\\\/wp-content\\\/uploads\\\/2020\\\/09\\\/logo_abes_marca_d_tagline_horizontal_verde-amarelo_cmyk.png\",\"contentUrl\":\"https:\\\/\\\/abes.org.br\\\/wp-content\\\/uploads\\\/2020\\\/09\\\/logo_abes_marca_d_tagline_horizontal_verde-amarelo_cmyk.png\",\"width\":324,\"height\":70,\"caption\":\"Associa\u00e7\u00e3o Brasileira das Empresas de Software\"},\"image\":{\"@id\":\"https:\\\/\\\/abes.org.br\\\/#\\\/schema\\\/logo\\\/image\\\/\"},\"sameAs\":[\"https:\\\/\\\/www.facebook.com\\\/ABES.software\",\"https:\\\/\\\/x.com\\\/ABES_SOFTWARE\",\"https:\\\/\\\/www.linkedin.com\\\/company\\\/abes-software\\\/\",\"https:\\\/\\\/www.instagram.com\\\/abes_software\\\/\"]}]}<\/script>\n<!-- \/ Yoast SEO plugin. -->","yoast_head_json":{"title":"Terms and Conditions - ABES","robots":{"index":"index","follow":"follow","max-snippet":"max-snippet:-1","max-image-preview":"max-image-preview:large","max-video-preview":"max-video-preview:-1"},"canonical":"https:\/\/abes.org.br\/en\/diagnostico-de-sustentabilidade\/termos-e-condicoes\/","og_locale":"en_US","og_type":"article","og_title":"Termos e Condi\u00e7\u00f5es - ABES","og_description":"Introdu\u00e7\u00e3o Os Termos e Condi\u00e7\u00f5es aqui descritos destinam-se a descrever as pr\u00e1ticas que a Ferramenta Diagn\u00f3stico de Sustentabilidade (\"Ferramenta\") segue no que diz respeito \u00e0 privacidade das informa\u00e7\u00f5es que s\u00e3o concedidas, processadas e armazenadas pela Ferramenta. Utiliza\u00e7\u00e3o e tipo de informa\u00e7\u00e3o processada pela Ferramenta Ao acessar a Ferramenta ser\u00e3o exigidos apenas dados relacionados a sua [&hellip;]","og_url":"https:\/\/abes.org.br\/en\/diagnostico-de-sustentabilidade\/termos-e-condicoes\/","og_site_name":"ABES","article_publisher":"https:\/\/www.facebook.com\/ABES.software","article_modified_time":"2021-10-15T19:18:10+00:00","og_image":[{"width":3509,"height":2482,"url":"https:\/\/abes.org.br\/wp-content\/uploads\/2021\/01\/logo_abes_marca_tagline_horizontal_colorido_rgb.png","type":"image\/png"}],"twitter_card":"summary_large_image","twitter_site":"@ABES_SOFTWARE","twitter_misc":{"Est. reading time":"8 minutes"},"schema":{"@context":"https:\/\/schema.org","@graph":[{"@type":"WebPage","@id":"https:\/\/abes.org.br\/diagnostico-de-sustentabilidade\/termos-e-condicoes\/","url":"https:\/\/abes.org.br\/diagnostico-de-sustentabilidade\/termos-e-condicoes\/","name":"Terms and Conditions - ABES","isPartOf":{"@id":"https:\/\/abes.org.br\/#website"},"datePublished":"2021-10-06T15:06:41+00:00","dateModified":"2021-10-15T19:18:10+00:00","breadcrumb":{"@id":"https:\/\/abes.org.br\/diagnostico-de-sustentabilidade\/termos-e-condicoes\/#breadcrumb"},"inLanguage":"en-US","potentialAction":[{"@type":"ReadAction","target":["https:\/\/abes.org.br\/diagnostico-de-sustentabilidade\/termos-e-condicoes\/"]}]},{"@type":"BreadcrumbList","@id":"https:\/\/abes.org.br\/diagnostico-de-sustentabilidade\/termos-e-condicoes\/#breadcrumb","itemListElement":[{"@type":"ListItem","position":1,"name":"In\u00edcio","item":"https:\/\/abes.org.br\/"},{"@type":"ListItem","position":2,"name":"Diagn\u00f3stico de Sustentabilidade","item":"https:\/\/abes.org.br\/diagnostico-de-sustentabilidade\/"},{"@type":"ListItem","position":3,"name":"Termos e Condi\u00e7\u00f5es"}]},{"@type":"WebSite","@id":"https:\/\/abes.org.br\/#website","url":"https:\/\/abes.org.br\/","name":"ABES","description":"Brazilian Association of Software Companies","publisher":{"@id":"https:\/\/abes.org.br\/#organization"},"potentialAction":[{"@type":"SearchAction","target":{"@type":"EntryPoint","urlTemplate":"https:\/\/abes.org.br\/?s={search_term_string}"},"query-input":{"@type":"PropertyValueSpecification","valueRequired":true,"valueName":"search_term_string"}}],"inLanguage":"en-US"},{"@type":"Organization","@id":"https:\/\/abes.org.br\/#organization","name":"Brazilian Association of Software Companies","url":"https:\/\/abes.org.br\/","logo":{"@type":"ImageObject","inLanguage":"en-US","@id":"https:\/\/abes.org.br\/#\/schema\/logo\/image\/","url":"https:\/\/abes.org.br\/wp-content\/uploads\/2020\/09\/logo_abes_marca_d_tagline_horizontal_verde-amarelo_cmyk.png","contentUrl":"https:\/\/abes.org.br\/wp-content\/uploads\/2020\/09\/logo_abes_marca_d_tagline_horizontal_verde-amarelo_cmyk.png","width":324,"height":70,"caption":"Associa\u00e7\u00e3o Brasileira das Empresas de Software"},"image":{"@id":"https:\/\/abes.org.br\/#\/schema\/logo\/image\/"},"sameAs":["https:\/\/www.facebook.com\/ABES.software","https:\/\/x.com\/ABES_SOFTWARE","https:\/\/www.linkedin.com\/company\/abes-software\/","https:\/\/www.instagram.com\/abes_software\/"]}]}},"publishpress_future_action":{"enabled":false,"date":"2026-04-18 12:53:04","action":"change-status","newStatus":"draft","terms":[],"taxonomy":"","extraData":[]},"publishpress_future_workflow_manual_trigger":{"enabledWorkflows":[]},"_links":{"self":[{"href":"https:\/\/abes.org.br\/en\/wp-json\/wp\/v2\/pages\/39818","targetHints":{"allow":["GET"]}}],"collection":[{"href":"https:\/\/abes.org.br\/en\/wp-json\/wp\/v2\/pages"}],"about":[{"href":"https:\/\/abes.org.br\/en\/wp-json\/wp\/v2\/types\/page"}],"author":[{"embeddable":true,"href":"https:\/\/abes.org.br\/en\/wp-json\/wp\/v2\/users\/2"}],"replies":[{"embeddable":true,"href":"https:\/\/abes.org.br\/en\/wp-json\/wp\/v2\/comments?post=39818"}],"version-history":[{"count":7,"href":"https:\/\/abes.org.br\/en\/wp-json\/wp\/v2\/pages\/39818\/revisions"}],"predecessor-version":[{"id":40378,"href":"https:\/\/abes.org.br\/en\/wp-json\/wp\/v2\/pages\/39818\/revisions\/40378"}],"up":[{"embeddable":true,"href":"https:\/\/abes.org.br\/en\/wp-json\/wp\/v2\/pages\/39811"}],"wp:attachment":[{"href":"https:\/\/abes.org.br\/en\/wp-json\/wp\/v2\/media?parent=39818"}],"curies":[{"name":"wp","href":"https:\/\/api.w.org\/{rel}","templated":true}]}}